{"id":4503,"date":"2021-07-01T11:46:10","date_gmt":"2021-07-01T14:46:10","guid":{"rendered":"http:\/\/casavivachurch.org\/?page_id=4503"},"modified":"2025-10-01T16:21:31","modified_gmt":"2025-10-01T19:21:31","slug":"visitante","status":"publish","type":"page","link":"https:\/\/casavivachurch.org\/index.php\/visitante\/","title":{"rendered":"VISITANTE"},"content":{"rendered":"<p>[et_pb_section fb_built=&#8221;1&#8243; _builder_version=&#8221;4.9.4&#8243; _module_preset=&#8221;default&#8221; background_enable_color=&#8221;off&#8221; use_background_color_gradient=&#8221;on&#8221; background_color_gradient_start=&#8221;rgba(0,0,0,0.71)&#8221; background_color_gradient_end=&#8221;#000000&#8243; background_color_gradient_direction=&#8221;189deg&#8221; background_color_gradient_start_position=&#8221;43%&#8221; background_color_gradient_overlays_image=&#8221;on&#8221; background_image=&#8221;https:\/\/casavivachurch.org\/wp-content\/uploads\/2021\/06\/WhatsApp-Image-2021-04-18-at-09.49.35-e1624074276925.jpeg&#8221; custom_padding=&#8221;9px||9px|||&#8221; hover_enabled=&#8221;0&#8243; sticky_enabled=&#8221;0&#8243;][et_pb_row _builder_version=&#8221;4.9.4&#8243; _module_preset=&#8221;default&#8221; custom_padding=&#8221;8px||20px|||&#8221;][et_pb_column type=&#8221;4_4&#8243; _builder_version=&#8221;4.9.4&#8243; _module_preset=&#8221;default&#8221;][et_pb_text _builder_version=&#8221;4.9.4&#8243; _module_preset=&#8221;default&#8221; text_font=&#8221;Montserrat|800|||||||&#8221; text_text_color=&#8221;#FFFFFF&#8221; text_font_size=&#8221;55px&#8221; text_letter_spacing=&#8221;-4px&#8221; text_line_height=&#8221;0.3em&#8221; hover_enabled=&#8221;0&#8243; text_font_size_tablet=&#8221;&#8221; text_font_size_phone=&#8221;22px&#8221; text_font_size_last_edited=&#8221;on|desktop&#8221; text_letter_spacing_tablet=&#8221;&#8221; text_letter_spacing_phone=&#8221;-1px&#8221; text_letter_spacing_last_edited=&#8221;on|desktop&#8221; text_line_height_tablet=&#8221;&#8221; text_line_height_phone=&#8221;0.9em&#8221; text_line_height_last_edited=&#8221;on|phone&#8221; text_text_shadow_style=&#8221;preset2&#8243; text_text_shadow_blur_strength=&#8221;0.12em&#8221; sticky_enabled=&#8221;0&#8243;]<\/p>\n<p style=\"text-align: center;\">Bem-vindo \u00e0 Casa Viva!<\/p>\n<p>[\/et_pb_text][\/et_pb_column][\/et_pb_row][\/et_pb_section][et_pb_section fb_built=&#8221;1&#8243; _builder_version=&#8221;4.9.4&#8243; _module_preset=&#8221;default&#8221; background_color=&#8221;#000000&#8243; custom_padding=&#8221;0px||0px|||&#8221; hover_enabled=&#8221;0&#8243; title_text=&#8221;Prism_Of_Name_8_HD&#8221; sticky_enabled=&#8221;0&#8243; background_enable_video_mp4=&#8221;off&#8221;][et_pb_row column_structure=&#8221;1_2,1_4,1_4&#8243; use_custom_gutter=&#8221;on&#8221; gutter_width=&#8221;1&#8243; make_equal=&#8221;on&#8221; admin_label=&#8221;Gallery&#8221; module_class=&#8221; et_pb_row_fullwidth&#8221; _builder_version=&#8221;3.25&#8243; width=&#8221;100%&#8221; width_tablet=&#8221;100%&#8221; width_phone=&#8221;&#8221; width_last_edited=&#8221;on|desktop&#8221; max_width=&#8221;100%&#8221; max_width_tablet=&#8221;100%&#8221; max_width_phone=&#8221;&#8221; max_width_last_edited=&#8221;on|desktop&#8221; custom_padding=&#8221;3px||0px|||&#8221; make_fullwidth=&#8221;on&#8221;][et_pb_column type=&#8221;1_2&#8243; _builder_version=&#8221;3.25&#8243; custom_padding=&#8221;|||&#8221; custom_padding__hover=&#8221;|||&#8221;][et_pb_image src=&#8221;https:\/\/casavivachurch.org\/wp-content\/uploads\/2021\/06\/leao-cor-e1624327584820.png&#8221; title_text=&#8221;leao-cor&#8221; url=&#8221;#orientacoes&#8221; force_fullwidth=&#8221;on&#8221; align_tablet=&#8221;center&#8221; align_phone=&#8221;&#8221; align_last_edited=&#8221;on|desktop&#8221; _builder_version=&#8221;4.9.4&#8243; custom_margin=&#8221;-4px|||||&#8221; custom_padding=&#8221;1px|||||&#8221; animation_style=&#8221;zoom&#8221; animation_intensity_zoom=&#8221;10%&#8221; hover_enabled=&#8221;0&#8243; sticky_enabled=&#8221;0&#8243;][\/et_pb_image][\/et_pb_column][et_pb_column type=&#8221;1_4&#8243; _builder_version=&#8221;3.25&#8243; custom_padding=&#8221;|||&#8221; custom_padding__hover=&#8221;|||&#8221;][et_pb_text _builder_version=&#8221;4.9.4&#8243; _module_preset=&#8221;default&#8221; text_font=&#8221;Montserrat||||||||&#8221; text_text_color=&#8221;#FFFFFF&#8221; text_font_size=&#8221;26px&#8221; text_letter_spacing=&#8221;-1px&#8221; text_line_height=&#8221;1em&#8221; header_font=&#8221;Montserrat|700|||||||&#8221; header_3_font=&#8221;Montserrat|600|||||||&#8221; header_3_text_align=&#8221;left&#8221; min_height_tablet=&#8221;&#8221; min_height_phone=&#8221;&#8221; min_height_last_edited=&#8221;on|phone&#8221; max_height_tablet=&#8221;&#8221; max_height_phone=&#8221;&#8221; max_height_last_edited=&#8221;on|phone&#8221; custom_margin=&#8221;||-26px|||&#8221; custom_margin_tablet=&#8221;&#8221; custom_margin_phone=&#8221;-68px|-34px|||false|false&#8221; custom_margin_last_edited=&#8221;on|phone&#8221; custom_padding=&#8221;95px|6px||57px|false|false&#8221; custom_padding_tablet=&#8221;&#8221; custom_padding_phone=&#8221;|90px|35px||false|false&#8221; custom_padding_last_edited=&#8221;on|desktop&#8221; text_font_size_tablet=&#8221;&#8221; text_font_size_phone=&#8221;22px&#8221; text_font_size_last_edited=&#8221;on|phone&#8221; text_line_height_tablet=&#8221;&#8221; text_line_height_phone=&#8221;&#8221; text_line_height_last_edited=&#8221;on|phone&#8221; text_orientation_tablet=&#8221;&#8221; text_orientation_phone=&#8221;center&#8221; text_orientation_last_edited=&#8221;on|phone&#8221; text_text_shadow_style=&#8221;preset2&#8243;]<\/p>\n<p><span style=\"font-weight: 400;\">Se voc\u00ea est\u00e1 fazendo planos para estar com a gente em um de nossos cultos, ficamos honrados e estamos nos preparando para que <strong>voc\u00ea tenha uma experi\u00eancia singular.<\/strong><\/span><\/p>\n<p><span style=\"font-weight: 400;\"><\/span><\/p>\n<p>[\/et_pb_text][\/et_pb_column][et_pb_column type=&#8221;1_4&#8243; _builder_version=&#8221;3.25&#8243; custom_padding=&#8221;|||&#8221; custom_padding__hover=&#8221;|||&#8221;][\/et_pb_column][\/et_pb_row][\/et_pb_section][et_pb_section fb_built=&#8221;1&#8243; module_id=&#8221;orientacoes&#8221; _builder_version=&#8221;4.9.4&#8243; _module_preset=&#8221;default&#8221; background_enable_color=&#8221;off&#8221; use_background_color_gradient=&#8221;on&#8221; background_color_gradient_start=&#8221;rgba(0,0,0,0.71)&#8221; background_color_gradient_end=&#8221;#000000&#8243; background_color_gradient_direction=&#8221;189deg&#8221; background_color_gradient_start_position=&#8221;43%&#8221; background_color_gradient_overlays_image=&#8221;on&#8221; background_enable_image=&#8221;off&#8221; custom_padding=&#8221;9px||9px|||&#8221;][et_pb_row _builder_version=&#8221;4.9.4&#8243; _module_preset=&#8221;default&#8221; custom_margin=&#8221;3px|auto|-7px|auto||&#8221; custom_padding=&#8221;8px||20px|||&#8221;][et_pb_column type=&#8221;4_4&#8243; _builder_version=&#8221;4.9.4&#8243; _module_preset=&#8221;default&#8221;][et_pb_text _builder_version=&#8221;4.9.4&#8243; _module_preset=&#8221;default&#8221; text_font=&#8221;Montserrat|300|||||||&#8221; text_text_color=&#8221;#FFFFFF&#8221; text_font_size=&#8221;21px&#8221; text_line_height=&#8221;0.3em&#8221; hover_enabled=&#8221;0&#8243; text_font_size_tablet=&#8221;&#8221; text_font_size_phone=&#8221;13px&#8221; text_font_size_last_edited=&#8221;on|desktop&#8221; text_letter_spacing_tablet=&#8221;&#8221; text_letter_spacing_phone=&#8221;0px&#8221; text_letter_spacing_last_edited=&#8221;on|desktop&#8221; text_line_height_tablet=&#8221;&#8221; text_line_height_phone=&#8221;0.9em&#8221; text_line_height_last_edited=&#8221;on|phone&#8221; text_text_shadow_style=&#8221;preset2&#8243; text_text_shadow_blur_strength=&#8221;0.12em&#8221; sticky_enabled=&#8221;0&#8243;]<\/p>\n<p style=\"text-align: center;\">Orienta\u00e7\u00f5es para se sentir em casa logo de cara:<\/p>\n<p>[\/et_pb_text][\/et_pb_column][\/et_pb_row][\/et_pb_section][et_pb_section fb_built=&#8221;1&#8243; _builder_version=&#8221;4.9.4&#8243; _module_preset=&#8221;default&#8221; background_color=&#8221;#FFFFFF&#8221; custom_padding=&#8221;0px|||||&#8221;][et_pb_row column_structure=&#8221;1_3,1_3,1_3&#8243; _builder_version=&#8221;4.9.4&#8243; _module_preset=&#8221;default&#8221;][et_pb_column type=&#8221;1_3&#8243; _builder_version=&#8221;4.9.4&#8243; _module_preset=&#8221;default&#8221;][et_pb_image src=&#8221;https:\/\/casavivachurch.org\/wp-content\/uploads\/2021\/07\/icone-welcome.png&#8221; title_text=&#8221;icone-welcome&#8221; align=&#8221;center&#8221; _builder_version=&#8221;4.9.4&#8243; _module_preset=&#8221;default&#8221; width=&#8221;30%&#8221; width_tablet=&#8221;&#8221; width_phone=&#8221;40%&#8221; width_last_edited=&#8221;on|desktop&#8221; max_width_tablet=&#8221;&#8221; max_width_phone=&#8221;&#8221; max_width_last_edited=&#8221;on|phone&#8221; custom_margin=&#8221;||13px|||&#8221; filter_opacity=&#8221;81%&#8221;][\/et_pb_image][et_pb_text _builder_version=&#8221;4.9.4&#8243; _module_preset=&#8221;default&#8221; text_font=&#8221;Montserrat||||||||&#8221; text_line_height=&#8221;1.4em&#8221; text_orientation=&#8221;center&#8221; text_line_height_tablet=&#8221;&#8221; text_line_height_phone=&#8221;&#8221; text_line_height_last_edited=&#8221;on|phone&#8221; background_layout_tablet=&#8221;&#8221; background_layout_phone=&#8221;&#8221; background_layout_last_edited=&#8221;on|desktop&#8221; header_text_color__hover_enabled=&#8221;on|desktop&#8221;]<\/p>\n<h4><b>Venha do jeito que estiver<\/b><\/h4>\n<p>&#8220;Venham todos os que est\u00e3o cansados e sobrecarregados, e eu vos aliviarei.&#8221; (palavras de Jesus em Mateus 11:28). A igreja \u00e9 um lugar de cura e cuidado e pode vir mesmo que em crises profundas. <strong>Voc\u00ea \u00e9 bem vindo do jeito como est\u00e1s.<\/strong><\/p>\n<p>[\/et_pb_text][\/et_pb_column][et_pb_column type=&#8221;1_3&#8243; _builder_version=&#8221;4.9.4&#8243; _module_preset=&#8221;default&#8221;][et_pb_image src=&#8221;https:\/\/casavivachurch.org\/wp-content\/uploads\/2021\/07\/icone-kids.png&#8221; title_text=&#8221;icone-kids&#8221; align=&#8221;center&#8221; _builder_version=&#8221;4.9.4&#8243; _module_preset=&#8221;default&#8221; width=&#8221;30%&#8221; width_tablet=&#8221;&#8221; width_phone=&#8221;40%&#8221; width_last_edited=&#8221;on|phone&#8221; max_width_tablet=&#8221;&#8221; max_width_phone=&#8221;&#8221; max_width_last_edited=&#8221;on|desktop&#8221; custom_margin=&#8221;||13px|||&#8221; filter_opacity=&#8221;81%&#8221;][\/et_pb_image][et_pb_text _builder_version=&#8221;4.9.4&#8243; _module_preset=&#8221;default&#8221; text_font=&#8221;Montserrat||||||||&#8221; text_line_height=&#8221;1.4em&#8221; text_orientation=&#8221;center&#8221; background_layout_tablet=&#8221;&#8221; background_layout_phone=&#8221;&#8221; background_layout_last_edited=&#8221;on|desktop&#8221; header_text_color__hover_enabled=&#8221;on|desktop&#8221;]<\/p>\n<h4><b>Crian\u00e7as s\u00e3o bem vindas<\/b><\/h4>\n<p>Se voc\u00ea trouxer filhos, saiba que temos um ambiente preparado para eles. Ao chegar para o culto, comunique na porta que tem filhos e ser\u00e1 feito um check-in e voc\u00ea receber\u00e1 <strong>todo suporte para que seus filhos sejam aben\u00e7oados tamb\u00e9m.<\/strong><\/p>\n<p>[\/et_pb_text][et_pb_button button_url=&#8221;https:\/\/casavivachurch.org\/index.php\/kids\/&#8221; button_text=&#8221;KIDS&#8221; button_alignment=&#8221;center&#8221; _builder_version=&#8221;4.9.4&#8243; _module_preset=&#8221;default&#8221; custom_button=&#8221;on&#8221; button_text_size=&#8221;12px&#8221; button_bg_color=&#8221;#000000&#8243; button_border_width=&#8221;5px&#8221; button_border_color=&#8221;#000000&#8243; button_border_radius=&#8221;0px&#8221; button_letter_spacing=&#8221;2px&#8221; button_font=&#8221;Montserrat|600|||||||&#8221; background_layout=&#8221;dark&#8221; custom_margin_tablet=&#8221;&#8221; custom_margin_phone=&#8221;3px||-12px||false|false&#8221; custom_margin_last_edited=&#8221;on|desktop&#8221; custom_padding=&#8221;||0px||false|false&#8221; custom_padding_tablet=&#8221;&#8221; custom_padding_phone=&#8221;||0px||false|false&#8221; custom_padding_last_edited=&#8221;on|phone&#8221; button_text_size_tablet=&#8221;&#8221; button_text_size_phone=&#8221;13px&#8221; button_text_size_last_edited=&#8221;on|desktop&#8221; button_border_radius_tablet=&#8221;&#8221; button_border_radius_phone=&#8221;&#8221; button_border_radius_last_edited=&#8221;on|phone&#8221;][\/et_pb_button][\/et_pb_column][et_pb_column type=&#8221;1_3&#8243; _builder_version=&#8221;4.9.4&#8243; _module_preset=&#8221;default&#8221;][et_pb_image src=&#8221;https:\/\/casavivachurch.org\/wp-content\/uploads\/2021\/07\/icone-milagres.png&#8221; title_text=&#8221;icone-milagres&#8221; align=&#8221;center&#8221; _builder_version=&#8221;4.9.4&#8243; _module_preset=&#8221;default&#8221; width=&#8221;30%&#8221; width_tablet=&#8221;&#8221; width_phone=&#8221;40%&#8221; width_last_edited=&#8221;on|phone&#8221; custom_margin=&#8221;||13px|||&#8221; custom_margin_tablet=&#8221;&#8221; custom_margin_phone=&#8221;13px||||false|false&#8221; custom_margin_last_edited=&#8221;on|phone&#8221; filter_opacity=&#8221;81%&#8221;][\/et_pb_image][et_pb_text _builder_version=&#8221;4.9.4&#8243; _module_preset=&#8221;default&#8221; text_font=&#8221;Montserrat||||||||&#8221; text_line_height=&#8221;1.4em&#8221; text_orientation=&#8221;center&#8221; background_layout_tablet=&#8221;&#8221; background_layout_phone=&#8221;&#8221; background_layout_last_edited=&#8221;on|desktop&#8221; header_text_color__hover_enabled=&#8221;on|desktop&#8221;]<\/p>\n<h4><b>Expectativas altas<\/b><\/h4>\n<p><span style=\"font-weight: 400;\">Venha com seu cora\u00e7\u00e3o aberto para Deus falar com voc\u00ea. Seja intencional, se abra para as verdades da B\u00edblia que ser\u00e3o ensinadas e se precisar de ora\u00e7\u00e3o, ao final, comunique a equipe de apoio identificada com crach\u00e1s.\u00a0<\/span><\/p>\n<p>[\/et_pb_text][et_pb_button button_url=&#8221;https:\/\/casavivachurch.org\/index.php\/nossa-semana\/&#8221; button_text=&#8221;NOSSA SEMANA&#8221; button_alignment=&#8221;center&#8221; _builder_version=&#8221;4.9.4&#8243; _module_preset=&#8221;default&#8221; custom_button=&#8221;on&#8221; button_text_size=&#8221;12px&#8221; button_bg_color=&#8221;#000000&#8243; button_border_width=&#8221;5px&#8221; button_border_color=&#8221;#000000&#8243; button_border_radius=&#8221;0px&#8221; button_letter_spacing=&#8221;2px&#8221; button_font=&#8221;Montserrat|600|||||||&#8221; background_layout=&#8221;dark&#8221; custom_margin_tablet=&#8221;&#8221; custom_margin_phone=&#8221;3px||-12px||false|false&#8221; custom_margin_last_edited=&#8221;on|desktop&#8221; custom_padding=&#8221;||0px||false|false&#8221; custom_padding_tablet=&#8221;&#8221; custom_padding_phone=&#8221;||0px||false|false&#8221; custom_padding_last_edited=&#8221;on|phone&#8221; button_text_size_tablet=&#8221;&#8221; button_text_size_phone=&#8221;13px&#8221; button_text_size_last_edited=&#8221;on|desktop&#8221; button_border_radius_tablet=&#8221;&#8221; button_border_radius_phone=&#8221;&#8221; button_border_radius_last_edited=&#8221;on|phone&#8221;][\/et_pb_button][\/et_pb_column][\/et_pb_row][\/et_pb_section][et_pb_section fb_built=&#8221;1&#8243; _builder_version=&#8221;4.9.4&#8243; _module_preset=&#8221;default&#8221; background_enable_color=&#8221;off&#8221; use_background_color_gradient=&#8221;on&#8221; background_color_gradient_start=&#8221;#001d35&#8243; background_color_gradient_end=&#8221;#0c71c3&#8243; background_color_gradient_direction=&#8221;178deg&#8221; background_color_gradient_start_position=&#8221;16%&#8221; background_color_gradient_end_position=&#8221;80%&#8221; background_color_gradient_overlays_image=&#8221;on&#8221; background_enable_image=&#8221;off&#8221; custom_padding=&#8221;9px||9px|||&#8221;][et_pb_row _builder_version=&#8221;4.9.4&#8243; _module_preset=&#8221;default&#8221; custom_margin=&#8221;|auto|-7px|auto||&#8221; custom_padding=&#8221;8px||20px|||&#8221;][et_pb_column type=&#8221;4_4&#8243; _builder_version=&#8221;4.9.4&#8243; _module_preset=&#8221;default&#8221;][et_pb_text _builder_version=&#8221;4.9.4&#8243; _module_preset=&#8221;default&#8221; text_font=&#8221;Montserrat|800|||||||&#8221; text_text_color=&#8221;#FFFFFF&#8221; text_font_size=&#8221;18px&#8221; text_line_height=&#8221;0.3em&#8221; custom_margin=&#8221;6px||||false|false&#8221; custom_margin_tablet=&#8221;&#8221; custom_margin_phone=&#8221;2px||||false|false&#8221; custom_margin_last_edited=&#8221;on|phone&#8221; link_option_url=&#8221;https:\/\/casavivachurch.org\/index.php\/integracao\/&#8221; text_font_size_tablet=&#8221;&#8221; text_font_size_phone=&#8221;15px&#8221; text_font_size_last_edited=&#8221;on|desktop&#8221; text_letter_spacing_tablet=&#8221;&#8221; text_letter_spacing_phone=&#8221;0px&#8221; text_letter_spacing_last_edited=&#8221;on|desktop&#8221; text_line_height_tablet=&#8221;&#8221; text_line_height_phone=&#8221;0.9em&#8221; text_line_height_last_edited=&#8221;on|phone&#8221; text_text_shadow_style=&#8221;preset2&#8243; text_text_shadow_blur_strength=&#8221;0.12em&#8221;]<\/p>\n<p style=\"text-align: center;\">INSCRI\u00c7\u00d5ES PARA O START &#8211; INTEGRA\u00c7\u00c3O<\/p>\n<p>[\/et_pb_text][\/et_pb_column][\/et_pb_row][\/et_pb_section]<\/p>\n","protected":false},"excerpt":{"rendered":"<p>[et_pb_section fb_built=&#8221;1&#8243; _builder_version=&#8221;4.9.4&#8243; _module_preset=&#8221;default&#8221; background_enable_color=&#8221;off&#8221; use_background_color_gradient=&#8221;on&#8221; background_color_gradient_start=&#8221;rgba(0,0,0,0.71)&#8221; background_color_gradient_end=&#8221;#000000&#8243; background_color_gradient_direction=&#8221;189deg&#8221; background_color_gradient_start_position=&#8221;43%&#8221; background_color_gradient_overlays_image=&#8221;on&#8221; background_image=&#8221;https:\/\/casavivachurch.org\/wp-content\/uploads\/2021\/06\/WhatsApp-Image-2021-04-18-at-09.49.35-e1624074276925.jpeg&#8221; custom_padding=&#8221;9px||9px|||&#8221; hover_enabled=&#8221;0&#8243; sticky_enabled=&#8221;0&#8243;][et_pb_row _builder_version=&#8221;4.9.4&#8243; _module_preset=&#8221;default&#8221; custom_padding=&#8221;8px||20px|||&#8221;][et_pb_column type=&#8221;4_4&#8243; _builder_version=&#8221;4.9.4&#8243; _module_preset=&#8221;default&#8221;][et_pb_text _builder_version=&#8221;4.9.4&#8243; _module_preset=&#8221;default&#8221; text_font=&#8221;Montserrat|800|||||||&#8221; text_text_color=&#8221;#FFFFFF&#8221; text_font_size=&#8221;55px&#8221; text_letter_spacing=&#8221;-4px&#8221; text_line_height=&#8221;0.3em&#8221; hover_enabled=&#8221;0&#8243; text_font_size_tablet=&#8221;&#8221; text_font_size_phone=&#8221;22px&#8221; text_font_size_last_edited=&#8221;on|desktop&#8221; text_letter_spacing_tablet=&#8221;&#8221; text_letter_spacing_phone=&#8221;-1px&#8221; text_letter_spacing_last_edited=&#8221;on|desktop&#8221; text_line_height_tablet=&#8221;&#8221; text_line_height_phone=&#8221;0.9em&#8221; text_line_height_last_edited=&#8221;on|phone&#8221; text_text_shadow_style=&#8221;preset2&#8243; text_text_shadow_blur_strength=&#8221;0.12em&#8221; sticky_enabled=&#8221;0&#8243;] Bem-vindo \u00e0 Casa Viva! [\/et_pb_text][\/et_pb_column][\/et_pb_row][\/et_pb_section][et_pb_section fb_built=&#8221;1&#8243; _builder_version=&#8221;4.9.4&#8243; _module_preset=&#8221;default&#8221; background_color=&#8221;#000000&#8243; custom_padding=&#8221;0px||0px|||&#8221; hover_enabled=&#8221;0&#8243; title_text=&#8221;Prism_Of_Name_8_HD&#8221; sticky_enabled=&#8221;0&#8243; background_enable_video_mp4=&#8221;off&#8221;][et_pb_row [&hellip;]<\/p>\n","protected":false},"author":1,"featured_media":0,"parent":0,"menu_order":0,"comment_status":"closed","ping_status":"closed","template":"","meta":{"_et_pb_use_builder":"on","_et_pb_old_content":"","_et_gb_content_width":"","footnotes":""},"class_list":["post-4503","page","type-page","status-publish","hentry"],"_links":{"self":[{"href":"https:\/\/casavivachurch.org\/index.php\/wp-json\/wp\/v2\/pages\/4503","targetHints":{"allow":["GET"]}}],"collection":[{"href":"https:\/\/casavivachurch.org\/index.php\/wp-json\/wp\/v2\/pages"}],"about":[{"href":"https:\/\/casavivachurch.org\/index.php\/wp-json\/wp\/v2\/types\/page"}],"author":[{"embeddable":true,"href":"https:\/\/casavivachurch.org\/index.php\/wp-json\/wp\/v2\/users\/1"}],"replies":[{"embeddable":true,"href":"https:\/\/casavivachurch.org\/index.php\/wp-json\/wp\/v2\/comments?post=4503"}],"version-history":[{"count":36,"href":"https:\/\/casavivachurch.org\/index.php\/wp-json\/wp\/v2\/pages\/4503\/revisions"}],"predecessor-version":[{"id":32428,"href":"https:\/\/casavivachurch.org\/index.php\/wp-json\/wp\/v2\/pages\/4503\/revisions\/32428"}],"wp:attachment":[{"href":"https:\/\/casavivachurch.org\/index.php\/wp-json\/wp\/v2\/media?parent=4503"}],"curies":[{"name":"wp","href":"https:\/\/api.w.org\/{rel}","templated":true}]}}