{"id":4261,"date":"2021-06-21T13:34:10","date_gmt":"2021-06-21T16:34:10","guid":{"rendered":"http:\/\/casavivachurch.org\/?page_id=4261"},"modified":"2021-06-23T01:04:09","modified_gmt":"2021-06-23T04:04:09","slug":"pastores","status":"publish","type":"page","link":"https:\/\/casavivachurch.org\/index.php\/pastores\/","title":{"rendered":"PASTORES"},"content":{"rendered":"<p>[et_pb_section fb_built=&#8221;1&#8243; _builder_version=&#8221;4.9.4&#8243; _module_preset=&#8221;default&#8221; background_enable_color=&#8221;off&#8221; use_background_color_gradient=&#8221;on&#8221; background_color_gradient_start=&#8221;rgba(0,0,0,0.71)&#8221; background_color_gradient_end=&#8221;#000000&#8243; background_color_gradient_direction=&#8221;189deg&#8221; background_color_gradient_start_position=&#8221;43%&#8221; background_color_gradient_overlays_image=&#8221;on&#8221; background_image=&#8221;https:\/\/casavivachurch.org\/wp-content\/uploads\/2021\/06\/WhatsApp-Image-2021-04-18-at-09.49.35-e1624074276925.jpeg&#8221; custom_padding=&#8221;9px||9px|||&#8221;][et_pb_row _builder_version=&#8221;4.9.4&#8243; _module_preset=&#8221;default&#8221; custom_padding=&#8221;8px||20px|||&#8221;][et_pb_column type=&#8221;4_4&#8243; _builder_version=&#8221;4.9.4&#8243; _module_preset=&#8221;default&#8221;][et_pb_text _builder_version=&#8221;4.9.4&#8243; _module_preset=&#8221;default&#8221; text_font=&#8221;Montserrat|800|||||||&#8221; text_text_color=&#8221;#FFFFFF&#8221; text_font_size=&#8221;78px&#8221; text_letter_spacing=&#8221;-4px&#8221; text_line_height=&#8221;0.3em&#8221; text_font_size_tablet=&#8221;&#8221; text_font_size_phone=&#8221;41px&#8221; text_font_size_last_edited=&#8221;on|desktop&#8221; text_letter_spacing_tablet=&#8221;&#8221; text_letter_spacing_phone=&#8221;-2px&#8221; text_letter_spacing_last_edited=&#8221;on|desktop&#8221; text_line_height_tablet=&#8221;&#8221; text_line_height_phone=&#8221;0.9em&#8221; text_line_height_last_edited=&#8221;on|phone&#8221; text_text_shadow_style=&#8221;preset2&#8243; text_text_shadow_blur_strength=&#8221;0.12em&#8221;]<\/p>\n<p style=\"text-align: center;\">PASTORES<\/p>\n<p>[\/et_pb_text][\/et_pb_column][\/et_pb_row][\/et_pb_section][et_pb_section fb_built=&#8221;1&#8243; _builder_version=&#8221;4.9.4&#8243; _module_preset=&#8221;default&#8221;][et_pb_row column_structure=&#8221;2_5,3_5&#8243; _builder_version=&#8221;4.9.4&#8243; _module_preset=&#8221;default&#8221; custom_padding=&#8221;14px|||||&#8221;][et_pb_column type=&#8221;2_5&#8243; _builder_version=&#8221;4.9.4&#8243; _module_preset=&#8221;default&#8221;][et_pb_image src=&#8221;https:\/\/casavivachurch.org\/wp-content\/uploads\/2021\/06\/pastores-PB500px.jpg&#8221; title_text=&#8221;pastores-PB500px&#8221; align=&#8221;right&#8221; _builder_version=&#8221;4.9.4&#8243; _module_preset=&#8221;default&#8221; border_radii=&#8221;on|14px|14px|14px|14px&#8221; custom_margin=&#8221;-34px|||||&#8221;][\/et_pb_image][\/et_pb_column][et_pb_column type=&#8221;3_5&#8243; _builder_version=&#8221;4.9.4&#8243; _module_preset=&#8221;default&#8221;][et_pb_text _builder_version=&#8221;4.9.4&#8243; _module_preset=&#8221;default&#8221; text_font=&#8221;|300|||||||&#8221; custom_margin=&#8221;||17px|||&#8221; text_font_size_tablet=&#8221;&#8221; text_font_size_phone=&#8221;&#8221; text_font_size_last_edited=&#8221;on|desktop&#8221; custom_padding=&#8221;||3px|||&#8221;]<\/p>\n<p>Jeser e Milla Pires s\u00e3o os pastores fundadores da Casa Viva e t\u00eam se dedicado h\u00e1 mais de 20 anos no minist\u00e9rio do ensino da Palavra, M\u00fasica e Pastoreio.<\/p>\n<p>A Casa Viva nasceu a partir das portas abertas da sua pr\u00f3pria resid\u00eancia chamando vizinhos para per\u00edodos de ora\u00e7\u00e3o, louvor e ensino das Escrituras.<\/p>\n<p>A fam\u00edlia ministerial foi crescendo, a comunidade de f\u00e9 se fortalecendo e ampliando suas a\u00e7\u00f5es e proje\u00e7\u00f5es, sempre com \u00eanfase na presen\u00e7a manifesta de Jesus a partir dos dois maiores mandamentos:<\/p>\n<p style=\"padding-left: 40px;\"><em>Respondeu Jesus: &#8221; \u2018Ame o Senhor, o seu Deus de todo o seu cora\u00e7\u00e3o, de toda a sua alma e de todo o seu entendimento\u2019.<\/em><br \/><em>Este \u00e9 o primeiro e maior mandamento.<\/em><br \/><em>E o segundo \u00e9 semelhante a ele: \u2018Ame o seu pr\u00f3ximo como a si mesmo\u2019.<\/em><\/p>\n<p style=\"padding-left: 40px;\"><em>Mateus 22:37-39<\/em><\/p>\n<p>Estamos edificando juntos uma igreja b\u00edblica, forte, saud\u00e1vel, baseada na devo\u00e7\u00e3o vertical ao senhorio de Jesus e na extens\u00e3o deste amor sobre o pr\u00f3ximo gerando transforma\u00e7\u00e3o do indiv\u00edduo, da sua fam\u00edlia e alcan\u00e7ando a cidade.<\/p>\n<p>&nbsp;<\/p>\n<p>[\/et_pb_text][et_pb_text _builder_version=&#8221;4.9.4&#8243; _module_preset=&#8221;default&#8221; text_font=&#8221;|300|||||||&#8221; text_font_size=&#8221;13px&#8221; custom_margin=&#8221;||9px|||&#8221;]<\/p>\n<p>Redes sociais da Pastora Milla Pires:<\/p>\n<p>[\/et_pb_text][et_pb_social_media_follow _builder_version=&#8221;4.9.4&#8243; _module_preset=&#8221;default&#8221; custom_margin=&#8221;||13px|||&#8221;][et_pb_social_media_follow_network social_network=&#8221;facebook&#8221; url=&#8221;https:\/\/www.facebook.com\/milla.pires.77&#8243; use_icon_font_size=&#8221;on&#8221; _builder_version=&#8221;4.9.4&#8243; _module_preset=&#8221;default&#8221; background_color=&#8221;#3b5998&#8243; follow_button=&#8221;off&#8221; url_new_window=&#8221;on&#8221;]facebook[\/et_pb_social_media_follow_network][et_pb_social_media_follow_network social_network=&#8221;instagram&#8221; url=&#8221;https:\/\/www.instagram.com\/millapires.77\/&#8221; _builder_version=&#8221;4.9.4&#8243; _module_preset=&#8221;default&#8221; background_color=&#8221;#ea2c59&#8243; follow_button=&#8221;off&#8221; url_new_window=&#8221;on&#8221;]instagram[\/et_pb_social_media_follow_network][\/et_pb_social_media_follow][et_pb_text _builder_version=&#8221;4.9.4&#8243; _module_preset=&#8221;default&#8221; text_font=&#8221;|300|||||||&#8221; text_font_size=&#8221;13px&#8221; custom_margin=&#8221;-9px||9px|||&#8221;]<\/p>\n<p>Redes sociais do Pastor Jeser Pires:<\/p>\n<p>[\/et_pb_text][et_pb_social_media_follow _builder_version=&#8221;4.9.4&#8243; _module_preset=&#8221;default&#8221;][et_pb_social_media_follow_network social_network=&#8221;facebook&#8221; url=&#8221;https:\/\/www.facebook.com\/jeserpiresoficial&#8221; use_icon_font_size=&#8221;on&#8221; _builder_version=&#8221;4.9.4&#8243; _module_preset=&#8221;default&#8221; background_color=&#8221;#3b5998&#8243; follow_button=&#8221;off&#8221; url_new_window=&#8221;on&#8221;]facebook[\/et_pb_social_media_follow_network][et_pb_social_media_follow_network social_network=&#8221;instagram&#8221; url=&#8221;https:\/\/www.instagram.com\/jeserpires&#8221; _builder_version=&#8221;4.9.4&#8243; _module_preset=&#8221;default&#8221; background_color=&#8221;#ea2c59&#8243; follow_button=&#8221;off&#8221; url_new_window=&#8221;on&#8221;]instagram[\/et_pb_social_media_follow_network][et_pb_social_media_follow_network social_network=&#8221;youtube&#8221; url=&#8221;https:\/\/www.youtube.com\/user\/jeserpires&#8221; _builder_version=&#8221;4.9.4&#8243; _module_preset=&#8221;default&#8221; background_color=&#8221;#a82400&#8243; follow_button=&#8221;off&#8221; url_new_window=&#8221;on&#8221;]youtube[\/et_pb_social_media_follow_network][\/et_pb_social_media_follow][et_pb_button button_url=&#8221;https:\/\/casavivachurch.org\/index.php\/nossa-semana\/&#8221; button_text=&#8221;NOSSA SEMANA&#8221; button_alignment=&#8221;left&#8221; button_alignment_tablet=&#8221;&#8221; button_alignment_phone=&#8221;left&#8221; button_alignment_last_edited=&#8221;on|phone&#8221; _builder_version=&#8221;4.9.4&#8243; _module_preset=&#8221;default&#8221; custom_button=&#8221;on&#8221; button_text_size=&#8221;12px&#8221; button_bg_color=&#8221;#000000&#8243; button_border_width=&#8221;5px&#8221; button_border_color=&#8221;#000000&#8243; button_border_radius=&#8221;0px&#8221; button_letter_spacing=&#8221;2px&#8221; button_font=&#8221;Montserrat|600|||||||&#8221; background_layout=&#8221;dark&#8221; custom_margin_tablet=&#8221;&#8221; custom_margin_phone=&#8221;21px||-12px||false|false&#8221; custom_margin_last_edited=&#8221;on|desktop&#8221; custom_padding=&#8221;||0px||false|false&#8221; custom_padding_tablet=&#8221;&#8221; custom_padding_phone=&#8221;||0px||false|false&#8221; custom_padding_last_edited=&#8221;on|phone&#8221; button_text_size_tablet=&#8221;&#8221; button_text_size_phone=&#8221;13px&#8221; button_text_size_last_edited=&#8221;on|desktop&#8221; button_border_radius_tablet=&#8221;&#8221; button_border_radius_phone=&#8221;&#8221; button_border_radius_last_edited=&#8221;on|phone&#8221;][\/et_pb_button][\/et_pb_column][\/et_pb_row][\/et_pb_section][et_pb_section fb_built=&#8221;1&#8243; _builder_version=&#8221;4.9.4&#8243; _module_preset=&#8221;default&#8221; background_enable_color=&#8221;off&#8221; use_background_color_gradient=&#8221;on&#8221; background_color_gradient_start=&#8221;rgba(0,0,0,0.71)&#8221; background_color_gradient_end=&#8221;#000000&#8243; background_color_gradient_direction=&#8221;189deg&#8221; background_color_gradient_start_position=&#8221;43%&#8221; background_color_gradient_overlays_image=&#8221;on&#8221; background_image=&#8221;https:\/\/casavivachurch.org\/wp-content\/uploads\/2021\/06\/WhatsApp-Image-2021-04-18-at-09.49.35-e1624074276925.jpeg&#8221; custom_padding=&#8221;9px||9px|||&#8221;][et_pb_row _builder_version=&#8221;4.9.4&#8243; _module_preset=&#8221;default&#8221; custom_margin=&#8221;|auto|-7px|auto||&#8221; custom_padding=&#8221;8px||20px|||&#8221;][et_pb_column type=&#8221;4_4&#8243; _builder_version=&#8221;4.9.4&#8243; _module_preset=&#8221;default&#8221;][et_pb_text _builder_version=&#8221;4.9.4&#8243; _module_preset=&#8221;default&#8221; text_font=&#8221;Montserrat|800|||||||&#8221; text_text_color=&#8221;#FFFFFF&#8221; text_font_size=&#8221;21px&#8221; text_line_height=&#8221;0.3em&#8221; text_font_size_tablet=&#8221;&#8221; text_font_size_phone=&#8221;13px&#8221; text_font_size_last_edited=&#8221;on|phone&#8221; text_letter_spacing_tablet=&#8221;&#8221; text_letter_spacing_phone=&#8221;0px&#8221; text_letter_spacing_last_edited=&#8221;on|desktop&#8221; text_line_height_tablet=&#8221;&#8221; text_line_height_phone=&#8221;0.9em&#8221; text_line_height_last_edited=&#8221;on|phone&#8221; text_text_shadow_style=&#8221;preset2&#8243; text_text_shadow_blur_strength=&#8221;0.12em&#8221;]<\/p>\n<p style=\"text-align: center;\">VENHA TEU REINO, SEJA FEITA A SUA VONTADE NA TERRA COMO NO C\u00c9U.<\/p>\n<p>[\/et_pb_text][\/et_pb_column][\/et_pb_row][\/et_pb_section]<\/p>\n","protected":false},"excerpt":{"rendered":"<p>[et_pb_section fb_built=&#8221;1&#8243; _builder_version=&#8221;4.9.4&#8243; _module_preset=&#8221;default&#8221; background_enable_color=&#8221;off&#8221; use_background_color_gradient=&#8221;on&#8221; background_color_gradient_start=&#8221;rgba(0,0,0,0.71)&#8221; background_color_gradient_end=&#8221;#000000&#8243; background_color_gradient_direction=&#8221;189deg&#8221; background_color_gradient_start_position=&#8221;43%&#8221; background_color_gradient_overlays_image=&#8221;on&#8221; background_image=&#8221;https:\/\/casavivachurch.org\/wp-content\/uploads\/2021\/06\/WhatsApp-Image-2021-04-18-at-09.49.35-e1624074276925.jpeg&#8221; custom_padding=&#8221;9px||9px|||&#8221;][et_pb_row _builder_version=&#8221;4.9.4&#8243; _module_preset=&#8221;default&#8221; custom_padding=&#8221;8px||20px|||&#8221;][et_pb_column type=&#8221;4_4&#8243; _builder_version=&#8221;4.9.4&#8243; _module_preset=&#8221;default&#8221;][et_pb_text _builder_version=&#8221;4.9.4&#8243; _module_preset=&#8221;default&#8221; text_font=&#8221;Montserrat|800|||||||&#8221; text_text_color=&#8221;#FFFFFF&#8221; text_font_size=&#8221;78px&#8221; text_letter_spacing=&#8221;-4px&#8221; text_line_height=&#8221;0.3em&#8221; text_font_size_tablet=&#8221;&#8221; text_font_size_phone=&#8221;41px&#8221; text_font_size_last_edited=&#8221;on|desktop&#8221; text_letter_spacing_tablet=&#8221;&#8221; text_letter_spacing_phone=&#8221;-2px&#8221; text_letter_spacing_last_edited=&#8221;on|desktop&#8221; text_line_height_tablet=&#8221;&#8221; text_line_height_phone=&#8221;0.9em&#8221; text_line_height_last_edited=&#8221;on|phone&#8221; text_text_shadow_style=&#8221;preset2&#8243; text_text_shadow_blur_strength=&#8221;0.12em&#8221;] PASTORES [\/et_pb_text][\/et_pb_column][\/et_pb_row][\/et_pb_section][et_pb_section fb_built=&#8221;1&#8243; _builder_version=&#8221;4.9.4&#8243; _module_preset=&#8221;default&#8221;][et_pb_row column_structure=&#8221;2_5,3_5&#8243; _builder_version=&#8221;4.9.4&#8243; _module_preset=&#8221;default&#8221; custom_padding=&#8221;14px|||||&#8221;][et_pb_column type=&#8221;2_5&#8243; _builder_version=&#8221;4.9.4&#8243; _module_preset=&#8221;default&#8221;][et_pb_image src=&#8221;https:\/\/casavivachurch.org\/wp-content\/uploads\/2021\/06\/pastores-PB500px.jpg&#8221; title_text=&#8221;pastores-PB500px&#8221; align=&#8221;right&#8221; _builder_version=&#8221;4.9.4&#8243; _module_preset=&#8221;default&#8221; border_radii=&#8221;on|14px|14px|14px|14px&#8221; [&hellip;]<\/p>\n","protected":false},"author":1,"featured_media":0,"parent":0,"menu_order":0,"comment_status":"closed","ping_status":"closed","template":"","meta":{"_et_pb_use_builder":"on","_et_pb_old_content":"","_et_gb_content_width":"","footnotes":""},"class_list":["post-4261","page","type-page","status-publish","hentry"],"_links":{"self":[{"href":"https:\/\/casavivachurch.org\/index.php\/wp-json\/wp\/v2\/pages\/4261","targetHints":{"allow":["GET"]}}],"collection":[{"href":"https:\/\/casavivachurch.org\/index.php\/wp-json\/wp\/v2\/pages"}],"about":[{"href":"https:\/\/casavivachurch.org\/index.php\/wp-json\/wp\/v2\/types\/page"}],"author":[{"embeddable":true,"href":"https:\/\/casavivachurch.org\/index.php\/wp-json\/wp\/v2\/users\/1"}],"replies":[{"embeddable":true,"href":"https:\/\/casavivachurch.org\/index.php\/wp-json\/wp\/v2\/comments?post=4261"}],"version-history":[{"count":24,"href":"https:\/\/casavivachurch.org\/index.php\/wp-json\/wp\/v2\/pages\/4261\/revisions"}],"predecessor-version":[{"id":4453,"href":"https:\/\/casavivachurch.org\/index.php\/wp-json\/wp\/v2\/pages\/4261\/revisions\/4453"}],"wp:attachment":[{"href":"https:\/\/casavivachurch.org\/index.php\/wp-json\/wp\/v2\/media?parent=4261"}],"curies":[{"name":"wp","href":"https:\/\/api.w.org\/{rel}","templated":true}]}}