{"id":4249,"date":"2021-06-21T12:54:53","date_gmt":"2021-06-21T15:54:53","guid":{"rendered":"http:\/\/casavivachurch.org\/?page_id=4249"},"modified":"2022-09-20T15:25:38","modified_gmt":"2022-09-20T18:25:38","slug":"90-graus","status":"publish","type":"page","link":"https:\/\/casavivachurch.org\/index.php\/90-graus\/","title":{"rendered":"90 GRAUS"},"content":{"rendered":"<p>[et_pb_section fb_built=&#8221;1&#8243; _builder_version=&#8221;4.9.4&#8243; _module_preset=&#8221;default&#8221; background_enable_color=&#8221;off&#8221; use_background_color_gradient=&#8221;on&#8221; background_color_gradient_start=&#8221;rgba(0,0,0,0.71)&#8221; background_color_gradient_end=&#8221;#000000&#8243; background_color_gradient_direction=&#8221;189deg&#8221; background_color_gradient_start_position=&#8221;43%&#8221; background_color_gradient_overlays_image=&#8221;on&#8221; background_image=&#8221;https:\/\/casavivachurch.org\/wp-content\/uploads\/2021\/06\/WhatsApp-Image-2021-04-18-at-09.49.35-e1624074276925.jpeg&#8221; custom_padding=&#8221;9px||9px|||&#8221;][et_pb_row _builder_version=&#8221;4.9.4&#8243; _module_preset=&#8221;default&#8221; custom_padding=&#8221;8px||20px|||&#8221;][et_pb_column type=&#8221;4_4&#8243; _builder_version=&#8221;4.9.4&#8243; _module_preset=&#8221;default&#8221;][et_pb_text _builder_version=&#8221;4.9.4&#8243; _module_preset=&#8221;default&#8221; text_font=&#8221;Montserrat|800|||||||&#8221; text_text_color=&#8221;#FFFFFF&#8221; text_font_size=&#8221;78px&#8221; text_letter_spacing=&#8221;-4px&#8221; text_line_height=&#8221;0.3em&#8221; text_font_size_tablet=&#8221;&#8221; text_font_size_phone=&#8221;46px&#8221; text_font_size_last_edited=&#8221;on|desktop&#8221; text_letter_spacing_tablet=&#8221;&#8221; text_letter_spacing_phone=&#8221;-2px&#8221; text_letter_spacing_last_edited=&#8221;on|desktop&#8221; text_line_height_tablet=&#8221;&#8221; text_line_height_phone=&#8221;0.9em&#8221; text_line_height_last_edited=&#8221;on|phone&#8221; text_text_shadow_style=&#8221;preset2&#8243; text_text_shadow_blur_strength=&#8221;0.12em&#8221;]<\/p>\n<p style=\"text-align: center;\">90 GRAUS<\/p>\n<p>[\/et_pb_text][\/et_pb_column][\/et_pb_row][\/et_pb_section][et_pb_section fb_built=&#8221;1&#8243; _builder_version=&#8221;4.9.4&#8243; _module_preset=&#8221;default&#8221;][et_pb_row column_structure=&#8221;1_3,2_3&#8243; _builder_version=&#8221;4.9.4&#8243; _module_preset=&#8221;default&#8221;][et_pb_column type=&#8221;1_3&#8243; _builder_version=&#8221;4.9.4&#8243; _module_preset=&#8221;default&#8221;][et_pb_image src=&#8221;https:\/\/casavivachurch.org\/wp-content\/uploads\/2021\/06\/NOTURNA-e1624071752986.jpg&#8221; title_text=&#8221;NOTURNA&#8221; _builder_version=&#8221;4.9.4&#8243; _module_preset=&#8221;default&#8221; custom_margin=&#8221;||9px|||&#8221; border_radii=&#8221;on|14px|14px|14px|14px&#8221;][\/et_pb_image][et_pb_image src=&#8221;https:\/\/casavivachurch.org\/wp-content\/uploads\/2021\/06\/IGREJA-NA-RUA-4-e1624072172449.jpg&#8221; title_text=&#8221;IGREJA NA RUA 4&#8243; disabled_on=&#8221;on|on|off&#8221; _builder_version=&#8221;4.9.4&#8243; _module_preset=&#8221;default&#8221; custom_margin=&#8221;||9px|||&#8221; custom_padding=&#8221;11px|||||&#8221; border_radii=&#8221;on|14px|14px|14px|14px&#8221;][\/et_pb_image][et_pb_image src=&#8221;https:\/\/casavivachurch.org\/wp-content\/uploads\/2021\/06\/IGREJA-NA-RUA-5-e1624072147999.jpg&#8221; title_text=&#8221;IGREJA NA RUA 5&#8243; disabled_on=&#8221;on|on|off&#8221; _builder_version=&#8221;4.9.4&#8243; _module_preset=&#8221;default&#8221; custom_margin=&#8221;||-3px|||&#8221; border_radii=&#8221;on|14px|14px|14px|14px&#8221;][\/et_pb_image][et_pb_image src=&#8221;https:\/\/casavivachurch.org\/wp-content\/uploads\/2022\/09\/Taekw2.jpg&#8221; title_text=&#8221;Taekw2&#8243; disabled_on=&#8221;on|on|off&#8221; _builder_version=&#8221;4.9.4&#8243; _module_preset=&#8221;default&#8221; custom_padding=&#8221;12px|||||&#8221; hover_enabled=&#8221;0&#8243; border_radii=&#8221;on|14px|14px|14px|14px&#8221; sticky_enabled=&#8221;0&#8243;][\/et_pb_image][et_pb_image src=&#8221;https:\/\/casavivachurch.org\/wp-content\/uploads\/2022\/09\/auditorio.jpg&#8221; title_text=&#8221;auditorio&#8221; disabled_on=&#8221;on|on|off&#8221; _builder_version=&#8221;4.9.4&#8243; _module_preset=&#8221;default&#8221; custom_margin=&#8221;-20px|||||&#8221; hover_enabled=&#8221;0&#8243; border_radii=&#8221;on|14px|14px|14px|14px&#8221; sticky_enabled=&#8221;0&#8243;][\/et_pb_image][et_pb_image src=&#8221;https:\/\/casavivachurch.org\/wp-content\/uploads\/2022\/09\/WhatsApp-Image-2021-07-12-at-22.39.31.jpeg&#8221; title_text=&#8221;WhatsApp Image 2021-07-12 at 22.39.31&#8243; disabled_on=&#8221;on|on|off&#8221; _builder_version=&#8221;4.9.4&#8243; _module_preset=&#8221;default&#8221; custom_margin=&#8221;-20px|||||&#8221; hover_enabled=&#8221;0&#8243; border_radii=&#8221;on|14px|14px|14px|14px&#8221; sticky_enabled=&#8221;0&#8243;][\/et_pb_image][\/et_pb_column][et_pb_column type=&#8221;2_3&#8243; _builder_version=&#8221;4.9.4&#8243; _module_preset=&#8221;default&#8221;][et_pb_text _builder_version=&#8221;4.9.4&#8243; _module_preset=&#8221;default&#8221; text_font=&#8221;Montserrat||||||||&#8221;]<\/p>\n<h3><b>NOSSA BASE:<br \/>OS DOIS MAIORES MANDAMENTOS<\/b><\/h3>\n<p style=\"padding-left: 40px;\"><i><span style=\"font-weight: 400;\"><\/span><\/i><\/p>\n<p style=\"padding-left: 40px;\"><i><span style=\"font-weight: 400;\">&#8220;Mestre, qual \u00e9 o maior mandamento da Lei?<br \/>&#8220;<\/span><\/i><i><span style=\"font-weight: 400;\">Respondeu Jesus: \u2018Ame o Senhor, o seu Deus de todo o seu cora\u00e7\u00e3o, de toda a sua alma e de todo o seu entendimento\u2019.<br \/><\/span><\/i><i><span style=\"font-weight: 400;\">Este \u00e9 o primeiro e maior mandamento.<br \/><\/span><\/i><i><span style=\"font-weight: 400;\">E o segundo \u00e9 semelhante a ele: \u2018Ame o seu pr\u00f3ximo como a si mesmo\u2019.<br \/><\/span><\/i><i><span style=\"font-weight: 400;\">Destes dois mandamentos dependem toda a Lei e os Profetas&#8221;.<\/span><\/i><\/p>\n<p style=\"padding-left: 40px;\"><i><span style=\"font-weight: 400;\">Mateus 22:36-40<\/span><\/i><\/p>\n<p><span style=\"font-weight: 400;\">Jesus nos ensina que que a base do que se deve saber e aprender sobre o Reino de Deus, a lei e os profetas, est\u00e1 fundamentado, e concentrado, em dois mandamentos:<\/span><\/p>\n<ul>\n<li style=\"font-weight: 400;\" aria-level=\"1\"><span style=\"font-weight: 400;\">Amar a Deus de forma integral (vertical)<\/span><\/li>\n<li style=\"font-weight: 400;\" aria-level=\"1\"><span style=\"font-weight: 400;\">Amar ao pr\u00f3ximo de forma integral (horizontal)<\/span><\/li>\n<\/ul>\n<p style=\"padding-left: 40px;\"><em><strong>\u201cUma casa para Deus (vertical) e um ref\u00fagio (horizontal) para os homens.\u201d<\/strong><\/em><\/p>\n<p><i><span style=\"font-weight: 400;\"><\/span><\/i><\/p>\n<p>[\/et_pb_text][et_pb_image src=&#8221;https:\/\/casavivachurch.org\/wp-content\/uploads\/2021\/06\/90graus-semsombra-preto.png&#8221; title_text=&#8221;90graus-semsombra-preto&#8221; align_tablet=&#8221;&#8221; align_phone=&#8221;center&#8221; align_last_edited=&#8221;on|phone&#8221; _builder_version=&#8221;4.9.4&#8243; _module_preset=&#8221;default&#8221; width=&#8221;47%&#8221; width_tablet=&#8221;&#8221; width_phone=&#8221;56%&#8221; width_last_edited=&#8221;on|phone&#8221; max_width_tablet=&#8221;&#8221; max_width_phone=&#8221;300px&#8221; max_width_last_edited=&#8221;on|phone&#8221; filter_invert=&#8221;24%&#8221;][\/et_pb_image][et_pb_text _builder_version=&#8221;4.9.4&#8243; _module_preset=&#8221;default&#8221; text_font=&#8221;Montserrat||||||||&#8221;]<\/p>\n<p><b>90 graus: os 2 maiores mandamentos <\/b><span style=\"font-weight: 400;\">&#8211; Devemos desenvolver a devo\u00e7\u00e3o\/adora\u00e7\u00e3o a Deus (primeiro mandamento). Mergulhar no relacionamento, conhecer profundamente Jesus, sermos fascinados por sua beleza e gl\u00f3ria. A partir dessa experi\u00eancia de adora\u00e7\u00e3o, desenvolvemos a habilidade de amar ao pr\u00f3ximo (segundo mandamento).<\/span><\/p>\n<p><span style=\"font-weight: 400;\"><strong>VERTICAL<\/strong> &#8211; Adora\u00e7\u00e3o, relacionamento \u00edntimo com Deus.<\/span><\/p>\n<p style=\"padding-left: 40px;\"><i><span style=\"font-weight: 400;\">No entanto, est\u00e1 chegando a hora, e de fato j\u00e1 chegou, em que os verdadeiros adoradores adorar\u00e3o o Pai em esp\u00edrito e em verdade. S\u00e3o estes os adoradores que o Pai procura. Jo\u00e3o 4:23<\/span><\/i><\/p>\n<p><span style=\"font-weight: 400;\"><strong>HORIZONTAL<\/strong> &#8211; Amor pr\u00e1tico, servir ao pr\u00f3ximo.<\/span><\/p>\n<p style=\"padding-left: 40px;\"><i><span style=\"font-weight: 400;\">E disse-lhes: &#8220;V\u00e3o pelo mundo todo e preguem o evangelho a todas as pessoas. Marcos 16:15<\/span><\/i><i><span style=\"font-weight: 400;\"><\/span><\/i><\/p>\n<p style=\"padding-left: 40px;\"><i><span style=\"font-weight: 400;\">&#8220;O evangelho \u00e9 um mendigo contando a outro mendigo onde encontrou p\u00e3o.&#8221; (C.H.Spurgeon)<\/span><\/i><\/p>\n<p><i><span style=\"font-weight: 400;\"><\/span><\/i><\/p>\n<p><i><span style=\"font-weight: 400;\"><\/span><\/i><\/p>\n<p>[\/et_pb_text][et_pb_text _builder_version=&#8221;4.9.4&#8243; _module_preset=&#8221;default&#8221; text_font=&#8221;Montserrat||||||||&#8221;]<\/p>\n<h3><b>Linguagem (comunica\u00e7\u00e3o) X Doutrina (princ\u00edpios)<\/b><\/h3>\n<p><span style=\"font-weight: 400;\"><\/span><\/p>\n<p><span style=\"font-weight: 400;\">Somos uma igreja fam\u00edlia, de linguagem contempor\u00e2nea, que existe para <\/span><span style=\"font-weight: 400;\">tocar a gera\u00e7\u00e3o atual sem perder os valores<\/span><span style=\"font-weight: 400;\"> e princ\u00edpios dos que vieram antes de n\u00f3s. Comunicamos os valores do Reino de Deus com liberdade, criatividade e tecnologia.<\/span><\/p>\n<p><span style=\"font-weight: 400;\">Entendemos que a LINGUAGEM deve ser flex\u00edvel e atualizada. Nos movemos de forma contempor\u00e2nea e comunicamos Jesus com todas as ferramentas dispon\u00edveis a fim de alcan\u00e7armos as pessoas que a cada dia est\u00e3o mais distantes da realidade da igreja.<\/span><\/p>\n<p><span style=\"font-weight: 400;\">A LINGUAGEM \u00c9 FLEX\u00cdVEL E SEMPRE EM MOVIMENTO.<br \/><\/span><span style=\"font-weight: 400;\">A DOUTRINA \u00c9 EST\u00c1TICA E IMUT\u00c1VEL.<\/span><\/p>\n<p><span style=\"font-weight: 400;\"><\/span><\/p>\n<p>[\/et_pb_text][et_pb_button button_url=&#8221;https:\/\/casavivachurch.org\/index.php\/pastores\/&#8221; button_text=&#8221;PASTORES&#8221; button_alignment=&#8221;left&#8221; _builder_version=&#8221;4.9.4&#8243; _module_preset=&#8221;default&#8221; custom_button=&#8221;on&#8221; button_text_size=&#8221;12px&#8221; button_bg_color=&#8221;#000000&#8243; button_border_width=&#8221;5px&#8221; button_border_color=&#8221;#000000&#8243; button_border_radius=&#8221;0px&#8221; button_letter_spacing=&#8221;2px&#8221; button_font=&#8221;Montserrat|600|||||||&#8221; background_layout=&#8221;dark&#8221; custom_margin_tablet=&#8221;&#8221; custom_margin_phone=&#8221;54px||||false|false&#8221; custom_margin_last_edited=&#8221;on|phone&#8221; custom_padding=&#8221;||0px||false|false&#8221; custom_padding_tablet=&#8221;&#8221; custom_padding_phone=&#8221;||0px||false|false&#8221; custom_padding_last_edited=&#8221;on|phone&#8221; button_text_size_tablet=&#8221;&#8221; button_text_size_phone=&#8221;13px&#8221; button_text_size_last_edited=&#8221;on|desktop&#8221; button_border_radius_tablet=&#8221;&#8221; button_border_radius_phone=&#8221;&#8221; button_border_radius_last_edited=&#8221;on|phone&#8221;][\/et_pb_button][\/et_pb_column][\/et_pb_row][\/et_pb_section][et_pb_section fb_built=&#8221;1&#8243; _builder_version=&#8221;4.9.4&#8243; _module_preset=&#8221;default&#8221; background_enable_color=&#8221;off&#8221; use_background_color_gradient=&#8221;on&#8221; background_color_gradient_start=&#8221;rgba(0,0,0,0.71)&#8221; background_color_gradient_end=&#8221;#000000&#8243; background_color_gradient_direction=&#8221;189deg&#8221; background_color_gradient_start_position=&#8221;43%&#8221; background_color_gradient_overlays_image=&#8221;on&#8221; background_image=&#8221;https:\/\/casavivachurch.org\/wp-content\/uploads\/2021\/06\/WhatsApp-Image-2021-04-18-at-09.49.35-e1624074276925.jpeg&#8221; custom_padding=&#8221;9px||9px|||&#8221;][et_pb_row _builder_version=&#8221;4.9.4&#8243; _module_preset=&#8221;default&#8221; custom_margin=&#8221;|auto|-7px|auto||&#8221; custom_padding=&#8221;8px||20px|||&#8221;][et_pb_column type=&#8221;4_4&#8243; _builder_version=&#8221;4.9.4&#8243; _module_preset=&#8221;default&#8221;][et_pb_text _builder_version=&#8221;4.9.4&#8243; _module_preset=&#8221;default&#8221; text_font=&#8221;Montserrat|800||on|||||&#8221; text_text_color=&#8221;#FFFFFF&#8221; text_font_size=&#8221;21px&#8221; text_line_height=&#8221;0.3em&#8221; text_font_size_tablet=&#8221;&#8221; text_font_size_phone=&#8221;13px&#8221; text_font_size_last_edited=&#8221;on|phone&#8221; text_letter_spacing_tablet=&#8221;&#8221; text_letter_spacing_phone=&#8221;0px&#8221; text_letter_spacing_last_edited=&#8221;on|desktop&#8221; text_line_height_tablet=&#8221;&#8221; text_line_height_phone=&#8221;0.9em&#8221; text_line_height_last_edited=&#8221;on|phone&#8221; text_text_shadow_style=&#8221;preset2&#8243; text_text_shadow_blur_strength=&#8221;0.12em&#8221;]<\/p>\n<p style=\"text-align: center;\">O evangelho \u00e9 um mendigo contando a outro mendigo onde encontrou p\u00e3o.<\/p>\n<p>[\/et_pb_text][\/et_pb_column][\/et_pb_row][\/et_pb_section]<\/p>\n","protected":false},"excerpt":{"rendered":"<p>[et_pb_section fb_built=&#8221;1&#8243; _builder_version=&#8221;4.9.4&#8243; _module_preset=&#8221;default&#8221; background_enable_color=&#8221;off&#8221; use_background_color_gradient=&#8221;on&#8221; background_color_gradient_start=&#8221;rgba(0,0,0,0.71)&#8221; background_color_gradient_end=&#8221;#000000&#8243; background_color_gradient_direction=&#8221;189deg&#8221; background_color_gradient_start_position=&#8221;43%&#8221; background_color_gradient_overlays_image=&#8221;on&#8221; background_image=&#8221;https:\/\/casavivachurch.org\/wp-content\/uploads\/2021\/06\/WhatsApp-Image-2021-04-18-at-09.49.35-e1624074276925.jpeg&#8221; custom_padding=&#8221;9px||9px|||&#8221;][et_pb_row _builder_version=&#8221;4.9.4&#8243; _module_preset=&#8221;default&#8221; custom_padding=&#8221;8px||20px|||&#8221;][et_pb_column type=&#8221;4_4&#8243; _builder_version=&#8221;4.9.4&#8243; _module_preset=&#8221;default&#8221;][et_pb_text _builder_version=&#8221;4.9.4&#8243; _module_preset=&#8221;default&#8221; text_font=&#8221;Montserrat|800|||||||&#8221; text_text_color=&#8221;#FFFFFF&#8221; text_font_size=&#8221;78px&#8221; text_letter_spacing=&#8221;-4px&#8221; text_line_height=&#8221;0.3em&#8221; text_font_size_tablet=&#8221;&#8221; text_font_size_phone=&#8221;46px&#8221; text_font_size_last_edited=&#8221;on|desktop&#8221; text_letter_spacing_tablet=&#8221;&#8221; text_letter_spacing_phone=&#8221;-2px&#8221; text_letter_spacing_last_edited=&#8221;on|desktop&#8221; text_line_height_tablet=&#8221;&#8221; text_line_height_phone=&#8221;0.9em&#8221; text_line_height_last_edited=&#8221;on|phone&#8221; text_text_shadow_style=&#8221;preset2&#8243; text_text_shadow_blur_strength=&#8221;0.12em&#8221;] 90 GRAUS [\/et_pb_text][\/et_pb_column][\/et_pb_row][\/et_pb_section][et_pb_section fb_built=&#8221;1&#8243; _builder_version=&#8221;4.9.4&#8243; _module_preset=&#8221;default&#8221;][et_pb_row column_structure=&#8221;1_3,2_3&#8243; _builder_version=&#8221;4.9.4&#8243; _module_preset=&#8221;default&#8221;][et_pb_column type=&#8221;1_3&#8243; _builder_version=&#8221;4.9.4&#8243; _module_preset=&#8221;default&#8221;][et_pb_image src=&#8221;https:\/\/casavivachurch.org\/wp-content\/uploads\/2021\/06\/NOTURNA-e1624071752986.jpg&#8221; title_text=&#8221;NOTURNA&#8221; _builder_version=&#8221;4.9.4&#8243; _module_preset=&#8221;default&#8221; custom_margin=&#8221;||9px|||&#8221; border_radii=&#8221;on|14px|14px|14px|14px&#8221;][\/et_pb_image][et_pb_image [&hellip;]<\/p>\n","protected":false},"author":1,"featured_media":0,"parent":0,"menu_order":0,"comment_status":"closed","ping_status":"closed","template":"","meta":{"_et_pb_use_builder":"on","_et_pb_old_content":"","_et_gb_content_width":"","footnotes":""},"class_list":["post-4249","page","type-page","status-publish","hentry"],"_links":{"self":[{"href":"https:\/\/casavivachurch.org\/index.php\/wp-json\/wp\/v2\/pages\/4249","targetHints":{"allow":["GET"]}}],"collection":[{"href":"https:\/\/casavivachurch.org\/index.php\/wp-json\/wp\/v2\/pages"}],"about":[{"href":"https:\/\/casavivachurch.org\/index.php\/wp-json\/wp\/v2\/types\/page"}],"author":[{"embeddable":true,"href":"https:\/\/casavivachurch.org\/index.php\/wp-json\/wp\/v2\/users\/1"}],"replies":[{"embeddable":true,"href":"https:\/\/casavivachurch.org\/index.php\/wp-json\/wp\/v2\/comments?post=4249"}],"version-history":[{"count":12,"href":"https:\/\/casavivachurch.org\/index.php\/wp-json\/wp\/v2\/pages\/4249\/revisions"}],"predecessor-version":[{"id":29949,"href":"https:\/\/casavivachurch.org\/index.php\/wp-json\/wp\/v2\/pages\/4249\/revisions\/29949"}],"wp:attachment":[{"href":"https:\/\/casavivachurch.org\/index.php\/wp-json\/wp\/v2\/media?parent=4249"}],"curies":[{"name":"wp","href":"https:\/\/api.w.org\/{rel}","templated":true}]}}